{"id":382787,"date":"2026-01-08T05:00:53","date_gmt":"2026-01-08T04:00:53","guid":{"rendered":"https:\/\/www.mad-shop.ch\/?post_type=product&#038;p=382787"},"modified":"2026-04-18T09:54:16","modified_gmt":"2026-04-18T07:54:16","slug":"ticket-jeudredi-big-jeudi-23-avril-2026","status":"publish","type":"product","link":"https:\/\/www.mad-shop.ch\/?product=ticket-jeudredi-big-jeudi-23-avril-2026","title":{"rendered":"Ticket: Jeudredi BIG, Jeudi 23 avril 2026"},"content":{"rendered":"<p>Tous les jeudis sur le Mainfloor du @madlausanne, c\u2019est l\u2019\u00e9meute et vous avez bien raison. Pourquoi attendre le week-end ? Urban, reggaeton, amapiano, rap FR, hip-hop, afro beats ou encore \u00e9lectro : tout est open, mix\u00e9 par vos DJs pr\u00e9f\u00e9r\u00e9s. Et chaque premier jeudi du mois, en partenariat avec Le Punk. Au MAD Club, le week-end commence le jeudi !<\/p>\n<p>\u270c\ud83c\udffc Membre MAD :<br \/>\nEntr\u00e9e libre + 2 invit\u00e9s<br \/>\nDevenir membre MAD : <a href=\"https:\/\/www.mad.club\/devenez-membre\" target=\"_blank\" rel=\"noopener\">www.mad.club\/devenez-membre<\/a><\/p>\n<p>\ud83c\udf9f\ufe0f Non-membres avec pr\u00e9location :<br \/>\nMAD Ticketing : <a href=\"https:\/\/www.mad.club\/ticketing\" target=\"_blank\" rel=\"noopener\">www.mad.club\/ticketing<\/a><br \/>\nEntr\u00e9e garantie &#8211; 15 CHF inclus un drink<\/p>\n<p>\ud83d\udeaa Non-membres sans pr\u00e9location :<br \/>\nEntr\u00e9e libre jusqu\u2019\u00e0 minuit<br \/>\nD\u00e8s minuit : 15 CHF inclus un drink<\/p>\n<p>Le jeudi, c\u2019est aussi \u00ab l\u2019exp\u00e9rience MAD \u00bb sign\u00e9e @alesszullo et @teo_xiv ! Une soir\u00e9e de plus \u00e0 ne surtout pas manquer, alors \u00e0 jeudi ! \ud83d\ude0e<\/p>\n<p>\ud83c\udf7e R\u00e9servez votre table : <a href=\"https:\/\/www.mad.club\/resa\" target=\"_blank\" rel=\"noopener\">www.mad.club\/resa<\/a><\/p>\n<p>\n<strong>Attention \u00e0 toi !<\/strong> Si tu cliques sur cette page pour obtenir un billet d&#8217;entr\u00e9e pour le MAD Club de Lausanne, tu risques de passer ta meilleure soir\u00e9e ! On t\u2019aura pr\u00e9venu.<\/p>\n<p>\u2022 <strong>Un conseil<\/strong> : viens t\u00f4t au Club<br \/>\n\u2022 <strong>Prends connaissance du r\u00e8glement du MAD Club<\/strong> : <a href=\"https:\/\/www.mad.club\/policy\" target=\"_blank\" rel=\"noopener\">www.mad.club\/policy<\/a>.<\/p>\n<p><strong>Tu veux vivre une exp\u00e9rience 100% MAD toute l&#8217;ann\u00e9e ?<\/strong><br \/>\nC\u2019est facile : deviens membre d\u00e8s CHF 25.-\/mois. D\u00e9couvre toutes nos offres et leurs nombreux avantages <a href=\"https:\/\/www.mad-shop.ch\/?page_id=34250\" target=\"_blank\" rel=\"noopener\">ici<\/a>.<\/p>\n<p>Le MAD Club compte 6&#8217;000 membres et accueille 350&#8217;000 visiteurs par an. Le MAD Groupe comprend \u00e9galement un h\u00f4tel de 26 chambres, le MadHouse Ibis Styles (Lausanne), le MAD Caf\u00e9 (Lausanne) et de l\u2019immobilier. <a href=\"https:\/\/www.mad.club\/mad-groupe\/\" target=\"_blank\" rel=\"noopener\"><strong>En savoir +<\/strong><\/a><\/p>\n<p><strong>Music sounds better with you ! Be MAD !<\/strong><\/p>\n<p>Pour + d&#8217;infos : <a href=\"mailto:secretariat@mad.ch\">secretariat@mad.ch<\/a><\/p>\n<p><\/p>\n","protected":false},"excerpt":{"rendered":"<p>Tous les jeudis sur le Mainfloor du @madlausanne, c\u2019est l\u2019\u00e9meute et vous avez bien raison. Pourquoi attendre le week-end ? Urban, reggaeton, amapiano, rap FR, hip-hop, afro beats ou encore &#8230;<\/p>\n","protected":false},"featured_media":384735,"template":"","meta":{"_links_to":"","_links_to_target":""},"product_cat":[62,60],"product_tag":[80],"_links":{"self":[{"href":"https:\/\/www.mad-shop.ch\/index.php?rest_route=\/wp\/v2\/product\/382787"}],"collection":[{"href":"https:\/\/www.mad-shop.ch\/index.php?rest_route=\/wp\/v2\/product"}],"about":[{"href":"https:\/\/www.mad-shop.ch\/index.php?rest_route=\/wp\/v2\/types\/product"}],"wp:featuredmedia":[{"embeddable":true,"href":"https:\/\/www.mad-shop.ch\/index.php?rest_route=\/wp\/v2\/media\/384735"}],"wp:attachment":[{"href":"https:\/\/www.mad-shop.ch\/index.php?rest_route=%2Fwp%2Fv2%2Fmedia&parent=382787"}],"wp:term":[{"taxonomy":"product_cat","embeddable":true,"href":"https:\/\/www.mad-shop.ch\/index.php?rest_route=%2Fwp%2Fv2%2Fproduct_cat&post=382787"},{"taxonomy":"product_tag","embeddable":true,"href":"https:\/\/www.mad-shop.ch\/index.php?rest_route=%2Fwp%2Fv2%2Fproduct_tag&post=382787"}],"curies":[{"name":"wp","href":"https:\/\/api.w.org\/{rel}","templated":true}]}}