{"id":366929,"date":"2026-03-20T14:42:07","date_gmt":"2026-03-20T13:42:07","guid":{"rendered":"https:\/\/www.mad-shop.ch\/?post_type=product&#038;p=366929"},"modified":"2026-05-07T10:45:59","modified_gmt":"2026-05-07T08:45:59","slug":"ticket-mad-pool-montreux-non-membres-samedi-27-juin-2026","status":"publish","type":"product","link":"https:\/\/www.mad-shop.ch\/?product=ticket-mad-pool-montreux-non-membres-samedi-27-juin-2026","title":{"rendered":"Ticket: MAD Pool Montreux (non-membres), Samedi 27 juin 2026"},"content":{"rendered":"<p><strong>Attention \u00e0 toi !<\/strong>\u00a0Si tu cliques sur cette page pour obtenir un billet pour la MAD Pool Montreux, tu risques de passer ta meilleure party de l\u2019\u00e9t\u00e9 ! On t\u2019aura pr\u00e9venu.<\/p>\n<p><strong>Dress code :<\/strong> Beach Fabulous &amp; Sexy<br \/>\n<strong>Heure :<\/strong> 13h-21h<br \/>\n<strong>Lieu\u00a0:<\/strong> Piscine du Casino de Montreux<br \/>\n*En cas de mauvais temps, l\u2019\u00e9v\u00e8nement sera report\u00e9 sur une date ult\u00e9rieure, billets non rembours\u00e9s.<\/p>\n<p><strong>Pour + d&#8217;infos :<\/strong>\u00a0<a href=\"mailto:poolparty@mad.ch\" target=\"_blank\" rel=\"noopener\">poolparty@mad.ch<\/a><br \/>\n<strong>R\u00e9servation de table VIP by Zullo :<\/strong> +41 78 965 81 19 ou <a href=\"mailto:poolparty@mad.ch\" target=\"_blank\" rel=\"noopener\">poolparty@mad.ch<\/a><\/p>\n<p>Les bons bouteilles peuvent \u00eatre utilis\u00e9s pour la MAD Pool Montreux uniquement s\u2019ils sont pr\u00e9sent\u00e9s physiquement durant l\u2019\u00e9v\u00e9nement. Pour toute demande d\u2019impression, merci de vous adresser au secr\u00e9tariat du MAD au 021 340 69 69 ou par e-mail \u00e0 <a href=\"mailto:secretariat@mad.ch\" target=\"_blank\" rel=\"noopener\">secretariat@mad.ch<\/a>.<\/p>\n<p>Prends connaissance du r\u00e8glement du MAD Club\u00a0:\u00a0<a href=\"https:\/\/www.mad.club\/policy\" target=\"_blank\" rel=\"noopener\">www.mad.club\/policy<\/a><br \/>\nNous vous conseillons de souscrire \u00e0 l\u2019assurance annulation \u00e0 l\u2019\u00e9tape suivante. <a href=\"https:\/\/www.mad.club\/policy\/#annul\" target=\"_blank\" rel=\"noopener\">Voir les conditions<\/a>.<\/p>\n<p>Tu veux vivre une exp\u00e9rience 100% MAD toute l&#8217;ann\u00e9e ?<br \/>\nC\u2019est facile : deviens membre d\u00e8s CHF 25.-\/mois. D\u00e9couvre toutes nos offres et leurs nombreux avantages\u00a0<a href=\"https:\/\/www.mad-shop.ch\/?page_id=34250\">ici<\/a><\/p>\n<p><strong>Music sounds better with you ! Be MAD !<\/strong><\/p>\n","protected":false},"excerpt":{"rendered":"<p>Attention \u00e0 toi !\u00a0Si tu cliques sur cette page pour obtenir un billet pour la MAD Pool Montreux, tu risques de passer ta meilleure party de l\u2019\u00e9t\u00e9 ! On t\u2019aura &#8230;<\/p>\n","protected":false},"featured_media":372706,"template":"","meta":{"_links_to":"","_links_to_target":""},"product_cat":[64],"product_tag":[],"_links":{"self":[{"href":"https:\/\/www.mad-shop.ch\/index.php?rest_route=\/wp\/v2\/product\/366929"}],"collection":[{"href":"https:\/\/www.mad-shop.ch\/index.php?rest_route=\/wp\/v2\/product"}],"about":[{"href":"https:\/\/www.mad-shop.ch\/index.php?rest_route=\/wp\/v2\/types\/product"}],"wp:featuredmedia":[{"embeddable":true,"href":"https:\/\/www.mad-shop.ch\/index.php?rest_route=\/wp\/v2\/media\/372706"}],"wp:attachment":[{"href":"https:\/\/www.mad-shop.ch\/index.php?rest_route=%2Fwp%2Fv2%2Fmedia&parent=366929"}],"wp:term":[{"taxonomy":"product_cat","embeddable":true,"href":"https:\/\/www.mad-shop.ch\/index.php?rest_route=%2Fwp%2Fv2%2Fproduct_cat&post=366929"},{"taxonomy":"product_tag","embeddable":true,"href":"https:\/\/www.mad-shop.ch\/index.php?rest_route=%2Fwp%2Fv2%2Fproduct_tag&post=366929"}],"curies":[{"name":"wp","href":"https:\/\/api.w.org\/{rel}","templated":true}]}}