{"id":353273,"date":"2026-02-01T05:00:30","date_gmt":"2026-02-01T04:00:30","guid":{"rendered":"https:\/\/www.mad-shop.ch\/?post_type=product&#038;p=353273"},"modified":"2026-04-17T17:40:45","modified_gmt":"2026-04-17T15:40:45","slug":"ticket-gazo-membre-mercredi-13-mai-2026","status":"publish","type":"product","link":"https:\/\/www.mad-shop.ch\/?product=ticket-gazo-membre-mercredi-13-mai-2026","title":{"rendered":"Ticket: GAZO membre, Mercredi 13 mai 2026"},"content":{"rendered":"<p><span style=\"font-size: 18px; color: red; font-weight: 800;\">Prix Early Birds : CHF 28.- (plus cher ensuite)<br \/>\nATTENTION : 1 seul billet par commande !!!<br \/>\nVotre carte de membre, ainsi qu&#8217;une pi\u00e8ce d&#8217;identit\u00e9 devra \u00eatre pr\u00e9sent\u00e9e \u00e0 l&#8217;entr\u00e9e.<\/span><\/p>\n<p><strong>Attention \u00e0 toi !<\/strong> Si tu cliques sur cette page pour obtenir un billet d&#8217;entr\u00e9e pour le MAD Club de Lausanne, tu risques de passer ta meilleure soir\u00e9e ! On t\u2019aura pr\u00e9venu.<\/p>\n<p>\u2022 <strong>Un conseil<\/strong> : viens t\u00f4t au Club<br \/>\n\u2022 <strong>Prends connaissance du r\u00e8glement du MAD Club<\/strong> : <a href=\"https:\/\/www.mad.club\/policy\" target=\"_blank\" rel=\"noopener\">www.mad.club\/policy<\/a>.<\/p>\n<p><strong>Tu veux vivre une exp\u00e9rience 100% MAD toute l&#8217;ann\u00e9e ?<\/strong><br \/>\nC\u2019est facile : deviens membre d\u00e8s CHF 25.-\/mois. D\u00e9couvre toutes nos offres et leurs nombreux avantages <a href=\"https:\/\/www.mad-shop.ch\/?page_id=34250\" target=\"_blank\" rel=\"noopener\">ici<\/a>.<\/p>\n<p>Le MAD Club compte 6&#8217;000 membres et accueille 350&#8217;000 visiteurs par an. Le MAD Groupe comprend \u00e9galement un h\u00f4tel de 26 chambres, le MadHouse Ibis Styles (Lausanne), le MAD Caf\u00e9 (Lausanne) et de l\u2019immobilier. <a href=\"https:\/\/www.mad.club\/mad-groupe\/\" target=\"_blank\" rel=\"noopener\"><strong>En savoir +<\/strong><\/a><\/p>\n<p><strong>Music sounds better with you ! Be MAD !<\/strong><\/p>\n<p>Pour + d&#8217;infos : <a href=\"mailto:secretariat@mad.ch\">secretariat@mad.ch<\/a><\/p>\n<p><\/p>\n","protected":false},"excerpt":{"rendered":"<p>Prix Early Birds : CHF 28.- (plus cher ensuite)<br \/>\nATTENTION : 1 seul billet par commande !!!<br \/>\nVotre carte de membre, ainsi qu&#8217;une pi\u00e8ce d&#8217;identit\u00e9 devra \u00eatre pr\u00e9sent\u00e9e \u00e0 l&#8217;entr\u00e9e.<\/p>\n<p>Attention \u00e0 toi &#8230;<\/p>\n","protected":false},"featured_media":353274,"template":"","meta":{"_links_to":"","_links_to_target":""},"product_cat":[62,60],"product_tag":[],"_links":{"self":[{"href":"https:\/\/www.mad-shop.ch\/index.php?rest_route=\/wp\/v2\/product\/353273"}],"collection":[{"href":"https:\/\/www.mad-shop.ch\/index.php?rest_route=\/wp\/v2\/product"}],"about":[{"href":"https:\/\/www.mad-shop.ch\/index.php?rest_route=\/wp\/v2\/types\/product"}],"wp:featuredmedia":[{"embeddable":true,"href":"https:\/\/www.mad-shop.ch\/index.php?rest_route=\/wp\/v2\/media\/353274"}],"wp:attachment":[{"href":"https:\/\/www.mad-shop.ch\/index.php?rest_route=%2Fwp%2Fv2%2Fmedia&parent=353273"}],"wp:term":[{"taxonomy":"product_cat","embeddable":true,"href":"https:\/\/www.mad-shop.ch\/index.php?rest_route=%2Fwp%2Fv2%2Fproduct_cat&post=353273"},{"taxonomy":"product_tag","embeddable":true,"href":"https:\/\/www.mad-shop.ch\/index.php?rest_route=%2Fwp%2Fv2%2Fproduct_tag&post=353273"}],"curies":[{"name":"wp","href":"https:\/\/api.w.org\/{rel}","templated":true}]}}