{"id":224852,"date":"2025-06-02T20:20:23","date_gmt":"2025-06-02T18:20:23","guid":{"rendered":"https:\/\/www.mad-shop.ch\/?page_id=224852"},"modified":"2026-04-07T18:36:54","modified_gmt":"2026-04-07T16:36:54","slug":"mad-pool-parties","status":"publish","type":"page","link":"https:\/\/www.mad-shop.ch\/?page_id=224852","title":{"rendered":"MAD Pool Montreux"},"content":{"rendered":"\t\t<div data-elementor-type=\"wp-page\" data-elementor-id=\"224852\" class=\"elementor elementor-224852\" data-elementor-settings=\"[]\">\n\t\t\t\t\t\t\t<div class=\"elementor-section-wrap\">\n\t\t\t\t\t\t\t<section class=\"elementor-section elementor-top-section elementor-element elementor-element-7b6913f elementor-section-full_width elementor-section-stretched elementor-hidden-tablet elementor-hidden-mobile elementor-section-height-default elementor-section-height-default\" data-id=\"7b6913f\" data-element_type=\"section\" data-settings=\"{&quot;stretch_section&quot;:&quot;section-stretched&quot;}\">\n\t\t\t\t\t\t<div class=\"elementor-container elementor-column-gap-no\">\n\t\t\t\t\t<div class=\"elementor-column elementor-col-100 elementor-top-column elementor-element elementor-element-06f81ea\" data-id=\"06f81ea\" data-element_type=\"column\">\n\t\t\t<div class=\"elementor-widget-wrap elementor-element-populated\">\n\t\t\t\t\t\t\t\t<div class=\"elementor-element elementor-element-9a7fb19 elementor-widget elementor-widget-image\" data-id=\"9a7fb19\" data-element_type=\"widget\" data-widget_type=\"image.default\">\n\t\t\t\t<div class=\"elementor-widget-container\">\n\t\t\t\t\t\t\t\t\t\t\t\t\t\t\t<img width=\"2560\" height=\"366\" src=\"https:\/\/www.mad-shop.ch\/wp-content\/uploads\/2026\/03\/banner-shop-mpp-26-3.jpg\" class=\"attachment-full size-full\" alt=\"\" loading=\"lazy\" srcset=\"https:\/\/www.mad-shop.ch\/wp-content\/uploads\/2026\/03\/banner-shop-mpp-26-3.jpg 2560w, https:\/\/www.mad-shop.ch\/wp-content\/uploads\/2026\/03\/banner-shop-mpp-26-3-750x107.jpg 750w, https:\/\/www.mad-shop.ch\/wp-content\/uploads\/2026\/03\/banner-shop-mpp-26-3-1180x169.jpg 1180w, https:\/\/www.mad-shop.ch\/wp-content\/uploads\/2026\/03\/banner-shop-mpp-26-3-120x17.jpg 120w, https:\/\/www.mad-shop.ch\/wp-content\/uploads\/2026\/03\/banner-shop-mpp-26-3-768x110.jpg 768w, https:\/\/www.mad-shop.ch\/wp-content\/uploads\/2026\/03\/banner-shop-mpp-26-3-1536x220.jpg 1536w, https:\/\/www.mad-shop.ch\/wp-content\/uploads\/2026\/03\/banner-shop-mpp-26-3-2048x293.jpg 2048w, https:\/\/www.mad-shop.ch\/wp-content\/uploads\/2026\/03\/banner-shop-mpp-26-3-480x69.jpg 480w, https:\/\/www.mad-shop.ch\/wp-content\/uploads\/2026\/03\/banner-shop-mpp-26-3-510x73.jpg 510w\" sizes=\"(max-width: 2560px) 100vw, 2560px\" \/>\t\t\t\t\t\t\t\t\t\t\t\t\t\t\t<\/div>\n\t\t\t\t<\/div>\n\t\t\t\t\t<\/div>\n\t\t<\/div>\n\t\t\t\t\t\t\t<\/div>\n\t\t<\/section>\n\t\t\t\t<section class=\"elementor-section elementor-top-section elementor-element elementor-element-b71d359 elementor-section-full_width elementor-section-stretched elementor-hidden-desktop elementor-section-height-default elementor-section-height-default\" data-id=\"b71d359\" data-element_type=\"section\" data-settings=\"{&quot;stretch_section&quot;:&quot;section-stretched&quot;}\">\n\t\t\t\t\t\t<div class=\"elementor-container elementor-column-gap-no\">\n\t\t\t\t\t<div class=\"elementor-column elementor-col-100 elementor-top-column elementor-element elementor-element-4d13f93\" data-id=\"4d13f93\" data-element_type=\"column\">\n\t\t\t<div class=\"elementor-widget-wrap elementor-element-populated\">\n\t\t\t\t\t\t\t\t<div class=\"elementor-element elementor-element-6638c53 elementor-widget elementor-widget-image\" data-id=\"6638c53\" data-element_type=\"widget\" data-widget_type=\"image.default\">\n\t\t\t\t<div class=\"elementor-widget-container\">\n\t\t\t\t\t\t\t\t\t\t\t\t\t\t\t<img width=\"1600\" height=\"1067\" src=\"https:\/\/www.mad-shop.ch\/wp-content\/uploads\/2026\/03\/banner-shop-mpp-26-mobile-3.jpg\" class=\"attachment-full size-full\" alt=\"\" loading=\"lazy\" srcset=\"https:\/\/www.mad-shop.ch\/wp-content\/uploads\/2026\/03\/banner-shop-mpp-26-mobile-3.jpg 1600w, https:\/\/www.mad-shop.ch\/wp-content\/uploads\/2026\/03\/banner-shop-mpp-26-mobile-3-750x500.jpg 750w, https:\/\/www.mad-shop.ch\/wp-content\/uploads\/2026\/03\/banner-shop-mpp-26-mobile-3-1180x787.jpg 1180w, https:\/\/www.mad-shop.ch\/wp-content\/uploads\/2026\/03\/banner-shop-mpp-26-mobile-3-120x80.jpg 120w, https:\/\/www.mad-shop.ch\/wp-content\/uploads\/2026\/03\/banner-shop-mpp-26-mobile-3-768x512.jpg 768w, https:\/\/www.mad-shop.ch\/wp-content\/uploads\/2026\/03\/banner-shop-mpp-26-mobile-3-1536x1024.jpg 1536w, https:\/\/www.mad-shop.ch\/wp-content\/uploads\/2026\/03\/banner-shop-mpp-26-mobile-3-480x320.jpg 480w, https:\/\/www.mad-shop.ch\/wp-content\/uploads\/2026\/03\/banner-shop-mpp-26-mobile-3-510x340.jpg 510w\" sizes=\"(max-width: 1600px) 100vw, 1600px\" \/>\t\t\t\t\t\t\t\t\t\t\t\t\t\t\t<\/div>\n\t\t\t\t<\/div>\n\t\t\t\t\t<\/div>\n\t\t<\/div>\n\t\t\t\t\t\t\t<\/div>\n\t\t<\/section>\n\t\t\t\t<section class=\"elementor-section elementor-top-section elementor-element elementor-element-3474c699 elementor-section-boxed elementor-section-height-default elementor-section-height-default\" data-id=\"3474c699\" data-element_type=\"section\">\n\t\t\t\t\t\t<div class=\"elementor-container elementor-column-gap-default\">\n\t\t\t\t\t<div class=\"elementor-column elementor-col-100 elementor-top-column elementor-element elementor-element-35fad089\" data-id=\"35fad089\" data-element_type=\"column\">\n\t\t\t<div class=\"elementor-widget-wrap elementor-element-populated\">\n\t\t\t\t\t\t\t\t<div class=\"elementor-element elementor-element-ffaed59 elementor-widget elementor-widget-spacer\" data-id=\"ffaed59\" data-element_type=\"widget\" data-widget_type=\"spacer.default\">\n\t\t\t\t<div class=\"elementor-widget-container\">\n\t\t\t\t\t<div class=\"elementor-spacer\">\n\t\t\t<div class=\"elementor-spacer-inner\"><\/div>\n\t\t<\/div>\n\t\t\t\t<\/div>\n\t\t\t\t<\/div>\n\t\t\t\t<div class=\"elementor-element elementor-element-d5e8be4 elementor-widget elementor-widget-text-editor\" data-id=\"d5e8be4\" data-element_type=\"widget\" data-widget_type=\"text-editor.default\">\n\t\t\t\t<div class=\"elementor-widget-container\">\n\t\t\t\t\t\t\t<p>On vous l\u2019avait promis\u2026 la Pool Party du MAD au Casino Barri\u00e8re Montreux est de retour. Save the date : samedi 27 juin 2026, de 13h \u00e0 21h ! Le plan incontournable de l\u2019\u00e9t\u00e9, version Pool Party \u00e0 la \u00ab Vegas \u00bb : good music, drinks &amp; vibes. Soleil, vue imprenable sur le L\u00e9man, les Alpes en toile de fond\u2026 et vous, en train de danser dans la mythique piscine \ud83d\udca6<br \/>Au programme : DJs, bar, BBQ et un Pool Circus compl\u00e8tement d\u00e9jant\u00e9, digne des plus grands shows.<br \/>Une ambiance survolt\u00e9e, des performances spectaculaires et une \u00e9nergie comme seul le MAD sait en cr\u00e9er.<br \/>Bref : de la folie. Tous \u00e0 l\u2019eau.<\/p>\t\t\t\t\t\t<\/div>\n\t\t\t\t<\/div>\n\t\t\t\t\t<\/div>\n\t\t<\/div>\n\t\t\t\t\t\t\t<\/div>\n\t\t<\/section>\n\t\t\t\t<section class=\"elementor-section elementor-top-section elementor-element elementor-element-364abca elementor-section-boxed elementor-section-height-default elementor-section-height-default\" data-id=\"364abca\" data-element_type=\"section\">\n\t\t\t\t\t\t<div class=\"elementor-container elementor-column-gap-default\">\n\t\t\t\t\t<div class=\"elementor-column elementor-col-100 elementor-top-column elementor-element elementor-element-d3eda12\" data-id=\"d3eda12\" data-element_type=\"column\">\n\t\t\t<div class=\"elementor-widget-wrap elementor-element-populated\">\n\t\t\t\t\t\t\t\t<div class=\"elementor-element elementor-element-4ac4163 elementor-widget elementor-widget-text-editor\" data-id=\"4ac4163\" data-element_type=\"widget\" data-widget_type=\"text-editor.default\">\n\t\t\t\t<div class=\"elementor-widget-container\">\n\t\t\t\t\t\t\t<b>INFOS PRATIQUES<\/b><br>\nDRESS CODE : <span style=\"color: #001181;\">Beach Fabulous &amp; Sexy<\/span><br>\nDATE &amp; HEURE : <span style=\"color: #001181;\">Le samedi 27 juin 2026 de 13h \u00e0 21h.<\/span><br>\n<span style=\"color: #001181;\">En cas de mauvais temps, l\u2019\u00e9v\u00e8nement sera report\u00e9 sur une date ult\u00e9rieure, billets non rembours\u00e9s.<\/span><br>\n<br>\nR\u00e9servation de table VIP by Zullo :<br>+41 78 965 81 19 <br><a style=\"color: #001181;\" href=\"mailto:vip-montreux@mad.ch\">vip-montreux@mad.ch<\/a>\t\t\t\t\t\t<\/div>\n\t\t\t\t<\/div>\n\t\t\t\t<div class=\"elementor-element elementor-element-31a9501 elementor-widget elementor-widget-spacer\" data-id=\"31a9501\" data-element_type=\"widget\" data-widget_type=\"spacer.default\">\n\t\t\t\t<div class=\"elementor-widget-container\">\n\t\t\t\t\t<div class=\"elementor-spacer\">\n\t\t\t<div class=\"elementor-spacer-inner\"><\/div>\n\t\t<\/div>\n\t\t\t\t<\/div>\n\t\t\t\t<\/div>\n\t\t\t\t\t<\/div>\n\t\t<\/div>\n\t\t\t\t\t\t\t<\/div>\n\t\t<\/section>\n\t\t\t\t<section class=\"elementor-section elementor-top-section elementor-element elementor-element-2b3a573 elementor-section-boxed elementor-section-height-default elementor-section-height-default\" data-id=\"2b3a573\" data-element_type=\"section\">\n\t\t\t\t\t\t<div class=\"elementor-container elementor-column-gap-default\">\n\t\t\t\t\t<div class=\"elementor-column elementor-col-50 elementor-top-column elementor-element elementor-element-e7042a1\" data-id=\"e7042a1\" data-element_type=\"column\">\n\t\t\t<div class=\"elementor-widget-wrap elementor-element-populated\">\n\t\t\t\t\t\t\t\t<div class=\"elementor-element elementor-element-e71c1f6 elementor-widget elementor-widget-heading\" data-id=\"e71c1f6\" data-element_type=\"widget\" data-widget_type=\"heading.default\">\n\t\t\t\t<div class=\"elementor-widget-container\">\n\t\t\t<h4 class=\"elementor-heading-title elementor-size-default\">Membres MAD<\/h4>\t\t<\/div>\n\t\t\t\t<\/div>\n\t\t\t\t<div class=\"elementor-element elementor-element-8ad42d4 elementor-widget elementor-widget-shortcode\" data-id=\"8ad42d4\" data-element_type=\"widget\" data-widget_type=\"shortcode.default\">\n\t\t\t\t<div class=\"elementor-widget-container\">\n\t\t\t\t\t<div class=\"elementor-shortcode\"><div class=\"woocommerce \">\n<div class=\"grid-shop grid-merge clearfix grid-tiles\"><div class=\"tile col-xs-12 col-md-4 post-366928 product type-product status-publish has-post-thumbnail product_cat-pool-membre  instock downloadable virtual sold-individually purchasable product-type-simple\">\r\n\r\n    <div class=\"tile-block clearfix\">\r\n    \r\n        <a href=\"https:\/\/www.mad-shop.ch\/?product=ticket-mad-pool-montreux-membres-samedi-27-juin-2026\" class=\"woocommerce-LoopProduct-link woocommerce-loop-product__link\">        \r\n        <div class=\"product-image-container\">\r\n            <div class=\"product-image overlay\">\r\n                <a href=\"https:\/\/www.mad-shop.ch\/?product=ticket-mad-pool-montreux-membres-samedi-27-juin-2026\" title=\"Ticket: MAD Pool Montreux (membres), Samedi 27 juin 2026\">\r\n    \r\n                    <img width=\"400\" height=\"400\" src=\"https:\/\/www.mad-shop.ch\/wp-content\/uploads\/2026\/03\/thumb-mpp-26-membre-3-400x400.jpg\" class=\"attachment-woocommerce_thumbnail size-woocommerce_thumbnail\" alt=\"\" loading=\"lazy\" srcset=\"https:\/\/www.mad-shop.ch\/wp-content\/uploads\/2026\/03\/thumb-mpp-26-membre-3-400x400.jpg 400w, https:\/\/www.mad-shop.ch\/wp-content\/uploads\/2026\/03\/thumb-mpp-26-membre-3-480x480.jpg 480w, https:\/\/www.mad-shop.ch\/wp-content\/uploads\/2026\/03\/thumb-mpp-26-membre-3-750x750.jpg 750w, https:\/\/www.mad-shop.ch\/wp-content\/uploads\/2026\/03\/thumb-mpp-26-membre-3-100x100.jpg 100w\" sizes=\"(max-width: 400px) 100vw, 400px\" \/>                    \r\n                    <span class=\"overlay-block\">\r\n                        <span class=\"overlay-icon\"><\/span>\r\n                    <\/span>\r\n                \r\n                <\/a>\r\n            <\/div>\r\n        <\/div>\r\n        \r\n        \r\n        <div class=\"product-body inner clearfix\">\r\n        <br><div class=\"date-div\"> SAMEDI 27 JUIN 2026&nbsp;<\/div>                <h2><a class=\"event-link\" href=\"https:\/\/www.mad-shop.ch\/?product=ticket-mad-pool-montreux-membres-samedi-27-juin-2026\" title=\"MAD Pool Montreux (membres)\">MAD Pool Montreux (membres)<\/a><\/h2>\r\n                <div class=\"ort\"><b>Casino Barri\u00e8re Montreux<\/b><\/div>                         \r\n            <div class=\"product-content clearfix\">\r\n            \r\n                \n\n\t<span class=\"price\"><span class=\"woocommerce-Price-amount amount\"><bdi><span class=\"woocommerce-Price-currencySymbol\">&#67;&#72;&#70;<\/span>25.00<\/bdi><\/span><\/span>\n                \r\n                <\/a>            \r\n            <\/div>\r\n    \r\n        <\/div>\r\n    \r\n    <\/div>\r\n\r\n<\/div>\n<\/div><\/div><\/div>\n\t\t\t\t<\/div>\n\t\t\t\t<\/div>\n\t\t\t\t\t<\/div>\n\t\t<\/div>\n\t\t\t\t<div class=\"elementor-column elementor-col-50 elementor-top-column elementor-element elementor-element-69475a8\" data-id=\"69475a8\" data-element_type=\"column\">\n\t\t\t<div class=\"elementor-widget-wrap elementor-element-populated\">\n\t\t\t\t\t\t\t\t<div class=\"elementor-element elementor-element-ca67c72 elementor-widget elementor-widget-heading\" data-id=\"ca67c72\" data-element_type=\"widget\" data-widget_type=\"heading.default\">\n\t\t\t\t<div class=\"elementor-widget-container\">\n\t\t\t<h4 class=\"elementor-heading-title elementor-size-default\">Non-membres MAD<\/h4>\t\t<\/div>\n\t\t\t\t<\/div>\n\t\t\t\t<div class=\"elementor-element elementor-element-bc8a03e elementor-widget elementor-widget-shortcode\" data-id=\"bc8a03e\" data-element_type=\"widget\" data-widget_type=\"shortcode.default\">\n\t\t\t\t<div class=\"elementor-widget-container\">\n\t\t\t\t\t<div class=\"elementor-shortcode\"><div class=\"woocommerce \">\n<div class=\"grid-shop grid-merge clearfix grid-tiles\"><div class=\"tile col-xs-12 col-md-4 post-366929 product type-product status-publish has-post-thumbnail product_cat-pool-non-membre  instock downloadable virtual purchasable product-type-simple\">\r\n\r\n    <div class=\"tile-block clearfix\">\r\n    \r\n        <a href=\"https:\/\/www.mad-shop.ch\/?product=ticket-mad-pool-montreux-non-membres-samedi-27-juin-2026\" class=\"woocommerce-LoopProduct-link woocommerce-loop-product__link\">        \r\n        <div class=\"product-image-container\">\r\n            <div class=\"product-image overlay\">\r\n                <a href=\"https:\/\/www.mad-shop.ch\/?product=ticket-mad-pool-montreux-non-membres-samedi-27-juin-2026\" title=\"Ticket: MAD Pool Montreux (non-membres), Samedi 27 juin 2026\">\r\n    \r\n                    <img width=\"400\" height=\"400\" src=\"https:\/\/www.mad-shop.ch\/wp-content\/uploads\/2026\/03\/thumb-mpp-26-non-3-400x400.jpg\" class=\"attachment-woocommerce_thumbnail size-woocommerce_thumbnail\" alt=\"\" loading=\"lazy\" srcset=\"https:\/\/www.mad-shop.ch\/wp-content\/uploads\/2026\/03\/thumb-mpp-26-non-3-400x400.jpg 400w, https:\/\/www.mad-shop.ch\/wp-content\/uploads\/2026\/03\/thumb-mpp-26-non-3-480x480.jpg 480w, https:\/\/www.mad-shop.ch\/wp-content\/uploads\/2026\/03\/thumb-mpp-26-non-3-750x750.jpg 750w, https:\/\/www.mad-shop.ch\/wp-content\/uploads\/2026\/03\/thumb-mpp-26-non-3-100x100.jpg 100w\" sizes=\"(max-width: 400px) 100vw, 400px\" \/>                    \r\n                    <span class=\"overlay-block\">\r\n                        <span class=\"overlay-icon\"><\/span>\r\n                    <\/span>\r\n                \r\n                <\/a>\r\n            <\/div>\r\n        <\/div>\r\n        \r\n        \r\n        <div class=\"product-body inner clearfix\">\r\n        <br><div class=\"date-div\"> SAMEDI 27 JUIN 2026&nbsp;<\/div>                <h2><a class=\"event-link\" href=\"https:\/\/www.mad-shop.ch\/?product=ticket-mad-pool-montreux-non-membres-samedi-27-juin-2026\" title=\"MAD Pool Montreux (non-membres)\">MAD Pool Montreux (non-membres)<\/a><\/h2>\r\n                <div class=\"ort\"><b>Casino Barri\u00e8re Montreux<\/b><\/div>                         \r\n            <div class=\"product-content clearfix\">\r\n            \r\n                \n\n\t<span class=\"price\"><span class=\"woocommerce-Price-amount amount\"><bdi><span class=\"woocommerce-Price-currencySymbol\">&#67;&#72;&#70;<\/span>35.00<\/bdi><\/span><\/span>\n                \r\n                <\/a>            \r\n            <\/div>\r\n    \r\n        <\/div>\r\n    \r\n    <\/div>\r\n\r\n<\/div>\n<\/div><\/div><\/div>\n\t\t\t\t<\/div>\n\t\t\t\t<\/div>\n\t\t\t\t\t<\/div>\n\t\t<\/div>\n\t\t\t\t\t\t\t<\/div>\n\t\t<\/section>\n\t\t\t\t<section class=\"elementor-section elementor-top-section elementor-element elementor-element-01e4bdb elementor-hidden-desktop elementor-hidden-tablet elementor-hidden-mobile elementor-section-boxed elementor-section-height-default elementor-section-height-default\" data-id=\"01e4bdb\" data-element_type=\"section\">\n\t\t\t\t\t\t<div class=\"elementor-container elementor-column-gap-default\">\n\t\t\t\t\t<div class=\"elementor-column elementor-col-33 elementor-top-column elementor-element elementor-element-d649cec\" data-id=\"d649cec\" data-element_type=\"column\">\n\t\t\t<div class=\"elementor-widget-wrap\">\n\t\t\t\t\t\t\t\t\t<\/div>\n\t\t<\/div>\n\t\t\t\t<div class=\"elementor-column elementor-col-33 elementor-top-column elementor-element elementor-element-17b12ee\" data-id=\"17b12ee\" data-element_type=\"column\">\n\t\t\t<div class=\"elementor-widget-wrap elementor-element-populated\">\n\t\t\t\t\t\t\t\t<div class=\"elementor-element elementor-element-262ee83 elementor-widget elementor-widget-text-editor\" data-id=\"262ee83\" data-element_type=\"widget\" data-widget_type=\"text-editor.default\">\n\t\t\t\t<div class=\"elementor-widget-container\">\n\t\t\t\t\t\t\t<span style=\"color: #001181; font-family: Aleo; font-weight: 600;\">Samedi 16 ao\u00fbt 2025<\/span><br>\n<br>\n<i>13H00 &#8211; 13H30<\/i><br>\n<strong>IGOR BLASKA<\/strong><br>\n<br>\n<i>13H30 &#8211; 14H00<\/i><br>\n<strong>THE BL\u00d8NDINE<\/strong><br>\n<br>\n<i>14H00 &#8211; 14H45<\/i><br>\n<strong>MICHEL<\/strong><br>\n<br>\n<i>14H45 &#8211; 15H30<\/i><br>\n<strong>FABIAN AIR<\/strong><br>\n<br>\n<i>15H30 &#8211; 16H30<\/i><br>\n<strong>IGOR BLASKA<\/strong><br>\n<br>\n<i>16H30 &#8211; 17H15<\/i><br>\n<strong>YVES LAROCK<\/strong><br>\n<br>\n<i>17H15 &#8211; 18H15<\/i><br>\n<strong>YOUNGTRAP<\/strong><br>\n<br>\n<i>18H15 &#8211; 19H00<\/i><br>\n<strong>VKEE MADISON<\/strong><br>\n<br>\n<i>19H00 &#8211; 19H45<\/i><br>\n<strong>HERZO<\/strong><br>\n<br>\n<i>19H45 &#8211; 20H20<\/i><br>\n<strong>MARCO SILVA<\/strong><br>\n<br>\n<i>20H20 &#8211; 21H00<\/i><br>\n<strong>LYCH<\/strong><br>\n<br>\n<strong>PERCUSSION  BY RONNIE D&#8217;ALVA<\/strong>\n\n\t\t\t\t\t\t<\/div>\n\t\t\t\t<\/div>\n\t\t\t\t\t<\/div>\n\t\t<\/div>\n\t\t\t\t<div class=\"elementor-column elementor-col-33 elementor-top-column elementor-element elementor-element-f888458\" data-id=\"f888458\" data-element_type=\"column\">\n\t\t\t<div class=\"elementor-widget-wrap\">\n\t\t\t\t\t\t\t\t\t<\/div>\n\t\t<\/div>\n\t\t\t\t\t\t\t<\/div>\n\t\t<\/section>\n\t\t\t\t<section class=\"elementor-section elementor-top-section elementor-element elementor-element-24e12d7 elementor-section-boxed elementor-section-height-default elementor-section-height-default\" data-id=\"24e12d7\" data-element_type=\"section\">\n\t\t\t\t\t\t<div class=\"elementor-container elementor-column-gap-default\">\n\t\t\t\t\t<div class=\"elementor-column elementor-col-100 elementor-top-column elementor-element elementor-element-9fb4a9e\" data-id=\"9fb4a9e\" data-element_type=\"column\">\n\t\t\t<div class=\"elementor-widget-wrap elementor-element-populated\">\n\t\t\t\t\t\t\t\t<div class=\"elementor-element elementor-element-eb55866 elementor-widget elementor-widget-spacer\" data-id=\"eb55866\" data-element_type=\"widget\" data-widget_type=\"spacer.default\">\n\t\t\t\t<div class=\"elementor-widget-container\">\n\t\t\t\t\t<div class=\"elementor-spacer\">\n\t\t\t<div class=\"elementor-spacer-inner\"><\/div>\n\t\t<\/div>\n\t\t\t\t<\/div>\n\t\t\t\t<\/div>\n\t\t\t\t\t<\/div>\n\t\t<\/div>\n\t\t\t\t\t\t\t<\/div>\n\t\t<\/section>\n\t\t\t\t<section class=\"elementor-section elementor-top-section elementor-element elementor-element-8490600 elementor-section-boxed elementor-section-height-default elementor-section-height-default\" data-id=\"8490600\" data-element_type=\"section\">\n\t\t\t\t\t\t<div class=\"elementor-container elementor-column-gap-default\">\n\t\t\t\t\t<div class=\"elementor-column elementor-col-100 elementor-top-column elementor-element elementor-element-d40b6c9\" data-id=\"d40b6c9\" data-element_type=\"column\">\n\t\t\t<div class=\"elementor-widget-wrap elementor-element-populated\">\n\t\t\t\t\t\t\t\t<div class=\"elementor-element elementor-element-3c490ab elementor-widget elementor-widget-html\" data-id=\"3c490ab\" data-element_type=\"widget\" data-widget_type=\"html.default\">\n\t\t\t\t<div class=\"elementor-widget-container\">\n\t\t\t<style>\n    .title .clearfix {\n        display: none;\n    }\n    \nheader.title {\n\tdisplay: none !important;\n}\n\n.overlay-icon {\n    visibility: hidden;\n}\n\n.overlay-icon::after {\n    visibility: visible;\n    content: \"Buy tickets\";\n    font-family: DM Sans;\n    font-size: 24px;\n    font-weight: 800;\n    color: white;\n    position: absolute;\n    top: 42%;\n    left: 25%;\n}\n\n@media only screen and (min-width: 1025px) {\n\t.grid-tiles .tile {\n\t\twidth: 50% !important;\n\t}\n\n<\/style>\t\t<\/div>\n\t\t\t\t<\/div>\n\t\t\t\t\t<\/div>\n\t\t<\/div>\n\t\t\t\t\t\t\t<\/div>\n\t\t<\/section>\n\t\t\t\t\t\t<\/div>\n\t\t\t\t\t<\/div>\n\t\t","protected":false},"excerpt":{"rendered":"<p>Attention \u00e0 toi !\u00a0Si tu cliques sur cette page pour obtenir un billet pour la MAD Pool Montreux, tu risques de passer ta meilleure party de l\u2019\u00e9t\u00e9 ! On t\u2019aura &#8230;<\/p>\n","protected":false},"author":1,"featured_media":0,"parent":0,"menu_order":0,"comment_status":"closed","ping_status":"closed","template":"","meta":{"_links_to":"","_links_to_target":""},"_links":{"self":[{"href":"https:\/\/www.mad-shop.ch\/index.php?rest_route=\/wp\/v2\/pages\/224852"}],"collection":[{"href":"https:\/\/www.mad-shop.ch\/index.php?rest_route=\/wp\/v2\/pages"}],"about":[{"href":"https:\/\/www.mad-shop.ch\/index.php?rest_route=\/wp\/v2\/types\/page"}],"author":[{"embeddable":true,"href":"https:\/\/www.mad-shop.ch\/index.php?rest_route=\/wp\/v2\/users\/1"}],"replies":[{"embeddable":true,"href":"https:\/\/www.mad-shop.ch\/index.php?rest_route=%2Fwp%2Fv2%2Fcomments&post=224852"}],"version-history":[{"count":179,"href":"https:\/\/www.mad-shop.ch\/index.php?rest_route=\/wp\/v2\/pages\/224852\/revisions"}],"predecessor-version":[{"id":379592,"href":"https:\/\/www.mad-shop.ch\/index.php?rest_route=\/wp\/v2\/pages\/224852\/revisions\/379592"}],"wp:attachment":[{"href":"https:\/\/www.mad-shop.ch\/index.php?rest_route=%2Fwp%2Fv2%2Fmedia&parent=224852"}],"curies":[{"name":"wp","href":"https:\/\/api.w.org\/{rel}","templated":true}]}}